{"id":6,"date":"2015-11-23T13:52:53","date_gmt":"2015-11-23T12:52:53","guid":{"rendered":"http:\/\/demo-content.kaliumtheme.com\/education\/?page_id=6"},"modified":"2025-12-01T08:36:18","modified_gmt":"2025-12-01T07:36:18","slug":"spenden","status":"publish","type":"page","link":"https:\/\/www.myanmar-stiftung.de\/index.php\/spenden\/","title":{"rendered":"Spenden"},"content":{"rendered":"<div class=\"wpb-content-wrapper\"><p>[vc_row full_width=&#8220;stretch_row_content_no_spaces&#8220;][vc_column]\n\t\t\t<!-- START Blog REVOLUTION SLIDER 6.7.34 --><p class=\"rs-p-wp-fix\"><\/p>\n\t\t\t<rs-module-wrap id=\"rev_slider_2_1_wrapper\" data-source=\"gallery\" style=\"visibility:hidden;background:#0a0a0a;padding:0;margin:0px auto;margin-top:0;margin-bottom:0;\">\n\t\t\t\t<rs-module id=\"rev_slider_2_1\" style=\"\" data-version=\"6.7.34\">\n\t\t\t\t\t<rs-slides style=\"overflow: hidden; position: absolute;\">\n\t\t\t\t\t\t<rs-slide style=\"position: absolute;\" data-key=\"rs-2\" data-title=\"Slide\" data-anim=\"adpr:false;\">\n\t\t\t\t\t\t\t<img decoding=\"async\" src=\"\/\/www.myanmar-stiftung.de\/wp-content\/plugins\/revslider\/sr6\/assets\/assets\/dummy.png\" alt=\"\" title=\"Spenden\" class=\"rev-slidebg tp-rs-img rs-lazyload\" data-lazyload=\"\/\/www.myanmar-stiftung.de\/wp-content\/uploads\/2017\/10\/Spenden-2.jpg\" data-bg=\"p:0% 30%;\" data-no-retina>\n<!---->\t\t\t\t\t<\/rs-slide>\n\t\t\t\t\t<\/rs-slides>\n\t\t\t\t<\/rs-module>\n\t\t\t\t<script>\n\t\t\t\t\tsetREVStartSize({c: 'rev_slider_2_1',rl:[1240,1024,778,480],el:[],gw:[1140,1024,778,480],gh:[400,400,450,500],type:'standard',justify:'',layout:'fullwidth',mh:\"0\"});if (window.RS_MODULES!==undefined && window.RS_MODULES.modules!==undefined && window.RS_MODULES.modules[\"revslider21\"]!==undefined) {window.RS_MODULES.modules[\"revslider21\"].once = false;window.revapi2 = undefined;if (window.RS_MODULES.checkMinimal!==undefined) window.RS_MODULES.checkMinimal()}\n\t\t\t\t<\/script>\n\t\t\t<\/rs-module-wrap>\n\t\t\t<!-- END REVOLUTION SLIDER -->\n[\/vc_column][\/vc_row][vc_row][vc_column][lab_heading title=&#8220;Spenden Formular&#8220;]Alle Spenden kommen den Kindern in Myanmar zugute.[\/lab_heading][vc_column_text css=&#8220;&#8220;]<\/p>\n<div id=\"donationform-default\"><script src=\"https:\/\/www.helpmundo.de\/helptools\/donations\/17725\/0\/init.js?type=dom&amp;newLocal=de&amp;show_header=1\" data-cmp-ab=\"2\" type=\"text\/javascript\"><\/script><\/div>\n<p>[\/vc_column_text][\/vc_column][\/vc_row][vc_row][vc_column][lab_heading title=&#8220;Spenden Coupon&#8220;]Hier finden Sie den Spenden Coupon zum Download. Alle Spenden kommen den Kindern in Myanmar zugute.[\/lab_heading][vc_column_text css=&#8220;&#8220;]<\/p>\n<h2><a href=\"https:\/\/www.myanmar-stiftung.de\/wp-content\/uploads\/2025\/03\/Spendencoupon-SEPA-Maerz-2025.pdf\">Download<\/a><\/h2>\n<p>[\/vc_column_text][vc_column_text css=&#8220;&#8220;]<\/p>\n<h3><\/h3>\n<p><span style=\"color: #000000; font-family: Calibri;\">Wir danken unseren Spendern f\u00fcr ihre Unterst\u00fctzung. Jede Geldspende, die Sie uns zukommen lassen, wird von uns dort verwendet, wo wir sie momentan dringend ben\u00f6tigen.<\/span><\/p>\n<p><span style=\"color: #000000; font-family: Calibri;\">Sie k\u00f6nnen aber auch f\u00fcr ein bestimmtes Projekt spenden oder eine Patenschaft (f\u00fcr ein Waisenkind, ein Stipendium f\u00fcr einen Studenten oder das Ferdi Home) \u00fcbernehmen. Details entnehmen Sie bitte dem beigef\u00fcgten Spendencoupon.<\/span><\/p>\n<p><span style=\"color: #000000; font-family: Calibri;\">Ihre Spenden sind steuerlich abzugsf\u00e4hig. Spendenquittungen werden ausgestellt. Diese Spendenquittungen werden vom DSZ Deutschen Stiftungszentrum GmbH ausgestellt.<\/span><\/p>\n<p><span style=\"color: #000000; font-family: Calibri;\">Bitte vergessen Sie nicht Ihre Adresse bei der \u00dcberweisung anzugeben, damit Ihnen eine Spendenquittung zugeschickt werden kann.<br \/>\nEine Zuwendungsbest\u00e4tigung (fr\u00fcher Spendenquittung) wird nur f\u00fcr Betr\u00e4ge \u00fcber 300,00 EUR ausgestellt. F\u00fcr Spenden unter bzw. bis einschlie\u00dflich 300,00 EUR ist nach \u00a7 50 Abs. 2 Nr. 2 EStDV ein vereinfachter Spendennachweis per Zahlungsbeleg Ihrer Bank oder Kontoauszug m\u00f6glich.<br \/>\n<\/span><\/p>\n<p><strong><span style=\"color: #000000; font-family: Calibri;\">Kontoverbindung: HypoVereinsbank, M\u00fcnchen<br \/>\n<\/span><span style=\"color: #000000; font-family: Calibri;\">IBAN: DE 58700202700090198718 BIC: HYVEDEMMXXX<\/span><\/strong>[\/vc_column_text][\/vc_column][\/vc_row]<\/p>\n<\/div>","protected":false},"excerpt":{"rendered":"<p>[vc_row full_width=&#8220;stretch_row_content_no_spaces&#8220;][vc_column][\/vc_column][\/vc_row][vc_row][vc_column][lab_heading title=&#8220;Spenden Formular&#8220;]Alle Spenden kommen den Kindern in Myanmar zugute.[\/lab_heading][vc_column_text css=&#8220;&#8220;] [\/vc_column_text][\/vc_column][\/vc_row][vc_row][vc_column][lab_heading title=&#8220;Spenden Coupon&#8220;]Hier finden Sie den Spenden Coupon zum Download. Alle Spenden kommen den Kindern in Myanmar zugute.[\/lab_heading][vc_column_text css=&#8220;&#8220;] Download [\/vc_column_text][vc_column_text css=&#8220;&#8220;] Wir danken unseren Spendern f\u00fcr ihre Unterst\u00fctzung. Jede Geldspende, die Sie uns zukommen lassen, wird von uns dort verwendet, wo wir&hellip;<\/p>\n","protected":false},"author":1,"featured_media":0,"parent":0,"menu_order":0,"comment_status":"closed","ping_status":"closed","template":"","meta":{"_acf_changed":false,"footnotes":""},"class_list":["post-6","page","type-page","status-publish","hentry"],"acf":[],"yoast_head":"<!-- This site is optimized with the Yoast SEO plugin v27.4 - https:\/\/yoast.com\/product\/yoast-seo-wordpress\/ -->\n<title>Spenden - Myanmar-Stiftung<\/title>\n<meta name=\"robots\" content=\"index, follow, max-snippet:-1, max-image-preview:large, max-video-preview:-1\" \/>\n<link rel=\"canonical\" href=\"https:\/\/www.myanmar-stiftung.de\/index.php\/spenden\/\" \/>\n<meta property=\"og:locale\" content=\"de_DE\" \/>\n<meta property=\"og:type\" content=\"article\" \/>\n<meta property=\"og:title\" content=\"Spenden - Myanmar-Stiftung\" \/>\n<meta property=\"og:description\" content=\"[vc_row full_width=&#8220;stretch_row_content_no_spaces&#8220;][vc_column][\/vc_column][\/vc_row][vc_row][vc_column][lab_heading title=&#8220;Spenden Formular&#8220;]Alle Spenden kommen den Kindern in Myanmar zugute.[\/lab_heading][vc_column_text css=&#8220;&#8220;] [\/vc_column_text][\/vc_column][\/vc_row][vc_row][vc_column][lab_heading title=&#8220;Spenden Coupon&#8220;]Hier finden Sie den Spenden Coupon zum Download. Alle Spenden kommen den Kindern in Myanmar zugute.[\/lab_heading][vc_column_text css=&#8220;&#8220;] Download [\/vc_column_text][vc_column_text css=&#8220;&#8220;] Wir danken unseren Spendern f\u00fcr ihre Unterst\u00fctzung. Jede Geldspende, die Sie uns zukommen lassen, wird von uns dort verwendet, wo wir&hellip;\" \/>\n<meta property=\"og:url\" content=\"https:\/\/www.myanmar-stiftung.de\/index.php\/spenden\/\" \/>\n<meta property=\"og:site_name\" content=\"Myanmar-Stiftung\" \/>\n<meta property=\"article:modified_time\" content=\"2025-12-01T07:36:18+00:00\" \/>\n<meta name=\"twitter:card\" content=\"summary_large_image\" \/>\n<meta name=\"twitter:label1\" content=\"Gesch\u00e4tzte Lesezeit\" \/>\n\t<meta name=\"twitter:data1\" content=\"2\u00a0Minuten\" \/>\n<script type=\"application\/ld+json\" class=\"yoast-schema-graph\">{\"@context\":\"https:\\\/\\\/schema.org\",\"@graph\":[{\"@type\":\"WebPage\",\"@id\":\"https:\\\/\\\/www.myanmar-stiftung.de\\\/index.php\\\/spenden\\\/\",\"url\":\"https:\\\/\\\/www.myanmar-stiftung.de\\\/index.php\\\/spenden\\\/\",\"name\":\"Spenden - Myanmar-Stiftung\",\"isPartOf\":{\"@id\":\"https:\\\/\\\/www.myanmar-stiftung.de\\\/#website\"},\"datePublished\":\"2015-11-23T12:52:53+00:00\",\"dateModified\":\"2025-12-01T07:36:18+00:00\",\"breadcrumb\":{\"@id\":\"https:\\\/\\\/www.myanmar-stiftung.de\\\/index.php\\\/spenden\\\/#breadcrumb\"},\"inLanguage\":\"de\",\"potentialAction\":[{\"@type\":\"ReadAction\",\"target\":[\"https:\\\/\\\/www.myanmar-stiftung.de\\\/index.php\\\/spenden\\\/\"]}]},{\"@type\":\"BreadcrumbList\",\"@id\":\"https:\\\/\\\/www.myanmar-stiftung.de\\\/index.php\\\/spenden\\\/#breadcrumb\",\"itemListElement\":[{\"@type\":\"ListItem\",\"position\":1,\"name\":\"Startseite\",\"item\":\"https:\\\/\\\/www.myanmar-stiftung.de\\\/\"},{\"@type\":\"ListItem\",\"position\":2,\"name\":\"Spenden\"}]},{\"@type\":\"WebSite\",\"@id\":\"https:\\\/\\\/www.myanmar-stiftung.de\\\/#website\",\"url\":\"https:\\\/\\\/www.myanmar-stiftung.de\\\/\",\"name\":\"Myanmar-Stiftung\",\"description\":\"Hilfe f\u00fcr Kinder in Myanmar\",\"potentialAction\":[{\"@type\":\"SearchAction\",\"target\":{\"@type\":\"EntryPoint\",\"urlTemplate\":\"https:\\\/\\\/www.myanmar-stiftung.de\\\/?s={search_term_string}\"},\"query-input\":{\"@type\":\"PropertyValueSpecification\",\"valueRequired\":true,\"valueName\":\"search_term_string\"}}],\"inLanguage\":\"de\"}]}<\/script>\n<!-- \/ Yoast SEO plugin. -->","yoast_head_json":{"title":"Spenden - Myanmar-Stiftung","robots":{"index":"index","follow":"follow","max-snippet":"max-snippet:-1","max-image-preview":"max-image-preview:large","max-video-preview":"max-video-preview:-1"},"canonical":"https:\/\/www.myanmar-stiftung.de\/index.php\/spenden\/","og_locale":"de_DE","og_type":"article","og_title":"Spenden - Myanmar-Stiftung","og_description":"[vc_row full_width=&#8220;stretch_row_content_no_spaces&#8220;][vc_column][\/vc_column][\/vc_row][vc_row][vc_column][lab_heading title=&#8220;Spenden Formular&#8220;]Alle Spenden kommen den Kindern in Myanmar zugute.[\/lab_heading][vc_column_text css=&#8220;&#8220;] [\/vc_column_text][\/vc_column][\/vc_row][vc_row][vc_column][lab_heading title=&#8220;Spenden Coupon&#8220;]Hier finden Sie den Spenden Coupon zum Download. Alle Spenden kommen den Kindern in Myanmar zugute.[\/lab_heading][vc_column_text css=&#8220;&#8220;] Download [\/vc_column_text][vc_column_text css=&#8220;&#8220;] Wir danken unseren Spendern f\u00fcr ihre Unterst\u00fctzung. Jede Geldspende, die Sie uns zukommen lassen, wird von uns dort verwendet, wo wir&hellip;","og_url":"https:\/\/www.myanmar-stiftung.de\/index.php\/spenden\/","og_site_name":"Myanmar-Stiftung","article_modified_time":"2025-12-01T07:36:18+00:00","twitter_card":"summary_large_image","twitter_misc":{"Gesch\u00e4tzte Lesezeit":"2\u00a0Minuten"},"schema":{"@context":"https:\/\/schema.org","@graph":[{"@type":"WebPage","@id":"https:\/\/www.myanmar-stiftung.de\/index.php\/spenden\/","url":"https:\/\/www.myanmar-stiftung.de\/index.php\/spenden\/","name":"Spenden - Myanmar-Stiftung","isPartOf":{"@id":"https:\/\/www.myanmar-stiftung.de\/#website"},"datePublished":"2015-11-23T12:52:53+00:00","dateModified":"2025-12-01T07:36:18+00:00","breadcrumb":{"@id":"https:\/\/www.myanmar-stiftung.de\/index.php\/spenden\/#breadcrumb"},"inLanguage":"de","potentialAction":[{"@type":"ReadAction","target":["https:\/\/www.myanmar-stiftung.de\/index.php\/spenden\/"]}]},{"@type":"BreadcrumbList","@id":"https:\/\/www.myanmar-stiftung.de\/index.php\/spenden\/#breadcrumb","itemListElement":[{"@type":"ListItem","position":1,"name":"Startseite","item":"https:\/\/www.myanmar-stiftung.de\/"},{"@type":"ListItem","position":2,"name":"Spenden"}]},{"@type":"WebSite","@id":"https:\/\/www.myanmar-stiftung.de\/#website","url":"https:\/\/www.myanmar-stiftung.de\/","name":"Myanmar-Stiftung","description":"Hilfe f\u00fcr Kinder in Myanmar","potentialAction":[{"@type":"SearchAction","target":{"@type":"EntryPoint","urlTemplate":"https:\/\/www.myanmar-stiftung.de\/?s={search_term_string}"},"query-input":{"@type":"PropertyValueSpecification","valueRequired":true,"valueName":"search_term_string"}}],"inLanguage":"de"}]}},"_links":{"self":[{"href":"https:\/\/www.myanmar-stiftung.de\/index.php\/wp-json\/wp\/v2\/pages\/6","targetHints":{"allow":["GET"]}}],"collection":[{"href":"https:\/\/www.myanmar-stiftung.de\/index.php\/wp-json\/wp\/v2\/pages"}],"about":[{"href":"https:\/\/www.myanmar-stiftung.de\/index.php\/wp-json\/wp\/v2\/types\/page"}],"author":[{"embeddable":true,"href":"https:\/\/www.myanmar-stiftung.de\/index.php\/wp-json\/wp\/v2\/users\/1"}],"replies":[{"embeddable":true,"href":"https:\/\/www.myanmar-stiftung.de\/index.php\/wp-json\/wp\/v2\/comments?post=6"}],"version-history":[{"count":27,"href":"https:\/\/www.myanmar-stiftung.de\/index.php\/wp-json\/wp\/v2\/pages\/6\/revisions"}],"predecessor-version":[{"id":5326,"href":"https:\/\/www.myanmar-stiftung.de\/index.php\/wp-json\/wp\/v2\/pages\/6\/revisions\/5326"}],"wp:attachment":[{"href":"https:\/\/www.myanmar-stiftung.de\/index.php\/wp-json\/wp\/v2\/media?parent=6"}],"curies":[{"name":"wp","href":"https:\/\/api.w.org\/{rel}","templated":true}]}}