{"id":4695,"date":"2017-10-26T18:57:49","date_gmt":"2017-10-26T16:57:49","guid":{"rendered":"http:\/\/myanmar-stiftung.de\/?page_id=4695"},"modified":"2025-07-16T17:27:46","modified_gmt":"2025-07-16T15:27:46","slug":"impressum","status":"publish","type":"page","link":"https:\/\/www.myanmar-stiftung.de\/index.php\/impressum\/","title":{"rendered":"Impressum"},"content":{"rendered":"<div class=\"wpb-content-wrapper\"><p>[vc_row][vc_column][vc_column_text css=&#8220;&#8220;]<\/p>\n<h2><strong><span data-olk-copy-source=\"MessageBody\">Impressum<\/span><\/strong><\/h2>\n<p>&nbsp;<\/p>\n<p><strong><span data-olk-copy-source=\"MessageBody\">Urheberrecht:<\/span><\/strong><br \/>\n\u00a9\u00a0<span data-ogsc=\"rgb(255, 38, 0)\">2025\u00a0<\/span>Myanmar Stiftung. Alle Rechte vorbehalten.<br \/>\nTexte, Bilder, Grafiken und Inhalte dieser Website unterliegen dem Schutz des Urheberrechts und anderer Schutzgesetze. Eine Verwendung, Vervielf\u00e4ltigung oder Verbreitung ist \u2013 auch auszugsweise \u2013 nur mit ausdr\u00fccklicher schriftlicher Genehmigung der Myanmar Stiftung zul\u00e4ssig.<\/p>\n<p>&nbsp;<\/p>\n<div align=\"center\">\n<hr align=\"center\" size=\"2\" width=\"100%\" \/>\n<\/div>\n<p>&nbsp;<\/p>\n<p><strong>Haftungsausschluss:<\/strong><br \/>\nTrotz sorgf\u00e4ltiger Pr\u00fcfung \u00fcbernehmen wir keine Haftung f\u00fcr die Inhalte externer Links. F\u00fcr den Inhalt verlinkter Seiten sind ausschlie\u00dflich deren Betreiber verantwortlich. Sollten uns Rechtsverst\u00f6\u00dfe bekannt werden, entfernen wir entsprechende Links umgehend.<\/p>\n<p>&nbsp;<\/p>\n<div align=\"center\">\n<hr align=\"center\" size=\"2\" width=\"100%\" \/>\n<\/div>\n<p>&nbsp;<\/p>\n<p><strong>Datenschutz:<\/strong><br \/>\nPersonenbezogene Daten, die Sie uns \u00fcbermitteln, werden vertraulich behandelt und ausschlie\u00dflich im Rahmen der geltenden Datenschutzgesetze verwendet. Eine Weitergabe an Dritte erfolgt nicht ohne Ihre ausdr\u00fcckliche Zustimmung.<\/p>\n<p>&nbsp;<\/p>\n<div align=\"center\">\n<hr align=\"center\" size=\"2\" width=\"100%\" \/>\n<\/div>\n<p>&nbsp;<\/p>\n<p><strong>Datenschutzerkl\u00e4rung<\/strong><\/p>\n<p>Wir freuen uns \u00fcber Ihr Interesse an der Myanmar Stiftung und den Besuch unserer Website. Der Schutz Ihrer personenbezogenen Daten ist uns ein wichtiges Anliegen. Im Folgenden informieren wir Sie \u00fcber Art, Umfang und Zweck der Erhebung und Verwendung personenbezogener Daten auf dieser Website gem\u00e4\u00df der Datenschutz-Grundverordnung (DSGVO).<\/p>\n<p>&nbsp;<\/p>\n<div align=\"center\">\n<hr align=\"center\" size=\"2\" width=\"100%\" \/>\n<\/div>\n<p>&nbsp;<\/p>\n<p><strong>1. Verantwortliche Stelle<\/strong><\/p>\n<p><strong>Myanmar Stiftung<\/strong><br \/>\nTreuh\u00e4nderisch verwaltet durch:<br \/>\n<strong>DSZ \u2013 Deutsches Stiftungszentrum GmbH im Stifterverband<\/strong><br \/>\nZweigstra\u00dfe 10<br \/>\n80336 M\u00fcnchen<\/p>\n<p><strong>Vertretung:<\/strong><br \/>\nChristina Stercken (Vorsitzende)<br \/>\n\ud83d\udce9\u00a0E-Mail:\u00a0<a id=\"LPlnk224660\" title=\"mailto:info@myanmar-stiftung.de\" href=\"mailto:info@myanmar-stiftung.de\" data-linkindex=\"0\" data-ogsc=\"\">info@myanmar-stiftung.de<\/a><\/p>\n<p>&nbsp;<\/p>\n<div align=\"center\">\n<hr align=\"center\" size=\"2\" width=\"100%\" \/>\n<\/div>\n<p>&nbsp;<\/p>\n<p><strong>2. Erhebung und Verarbeitung personenbezogener Daten<\/strong><\/p>\n<p>Beim Besuch unserer Website werden grunds\u00e4tzlich keine personenbezogenen Daten verarbeitet, sofern Sie uns nicht aktiv solche \u00fcbermitteln (z.\u202fB. per E-Mail).<\/p>\n<p>Beim Aufruf der Website werden folgende Informationen automatisch durch den Webserver erfasst:<\/p>\n<ul type=\"disc\">\n<li>IP-Adresse (gek\u00fcrzt und anonymisiert)<\/li>\n<li>Datum und Uhrzeit des Zugriffs<\/li>\n<li>aufgerufene Seiten\/Dateien<\/li>\n<li>verwendeter Browser und Betriebssystem<\/li>\n<li>Referrer-URL<\/li>\n<\/ul>\n<p>Diese Daten dienen ausschlie\u00dflich der technischen Sicherstellung des Betriebs und werden nicht mit anderen Datenquellen zusammengef\u00fchrt. Eine Auswertung zu Marketingzwecken findet nicht statt.<\/p>\n<p>&nbsp;<\/p>\n<div align=\"center\">\n<hr align=\"center\" size=\"2\" width=\"100%\" \/>\n<\/div>\n<p>&nbsp;<\/p>\n<p><strong>3. Kontaktaufnahme per E-Mail<\/strong><\/p>\n<p>Wenn Sie uns per E-Mail kontaktieren, werden Ihre Angaben zwecks Bearbeitung der Anfrage sowie f\u00fcr m\u00f6gliche R\u00fcckfragen gespeichert. Eine Weitergabe an Dritte erfolgt nicht ohne Ihre ausdr\u00fcckliche Einwilligung.<\/p>\n<p>&nbsp;<\/p>\n<div align=\"center\">\n<hr align=\"center\" size=\"2\" width=\"100%\" \/>\n<\/div>\n<p>&nbsp;<\/p>\n<p><strong>4. Cookies und Tracking<\/strong><\/p>\n<p>Diese Website verwendet\u00a0<strong>keine Cookies<\/strong>,\u00a0<strong>keine Tracking-Dienste<\/strong>\u00a0(z.\u202fB. Google Analytics) und keine Social-Media-Plugins.<\/p>\n<p>&nbsp;<\/p>\n<div align=\"center\">\n<hr align=\"center\" size=\"2\" width=\"100%\" \/>\n<\/div>\n<p>&nbsp;<\/p>\n<p><strong>5. Ihre Rechte<\/strong><\/p>\n<p>Sie haben jederzeit das Recht auf:<\/p>\n<ul type=\"disc\">\n<li>Auskunft \u00fcber Ihre gespeicherten Daten<\/li>\n<li>Berichtigung, L\u00f6schung oder Einschr\u00e4nkung der Verarbeitung<\/li>\n<li>Widerspruch gegen die Verarbeitung<\/li>\n<li>Daten\u00fcbertragbarkeit<\/li>\n<li>Beschwerde bei einer Aufsichtsbeh\u00f6rde (z.\u202fB. Bayerisches Landesamt f\u00fcr Datenschutzaufsicht)<\/li>\n<\/ul>\n<p>&nbsp;<\/p>\n<div align=\"center\">\n<hr align=\"center\" size=\"2\" width=\"100%\" \/>\n<\/div>\n<p>&nbsp;<\/p>\n<p><strong>6. Datensicherheit<\/strong><\/p>\n<p>Wir verwenden aktuelle technische und organisatorische Ma\u00dfnahmen, um Ihre Daten gegen Manipulation, Verlust oder unbefugten Zugriff zu sch\u00fctzen.<\/p>\n<p>&nbsp;<\/p>\n<div align=\"center\">\n<hr align=\"center\" size=\"2\" width=\"100%\" \/>\n<\/div>\n<p>&nbsp;<\/p>\n<p><strong>7. \u00c4nderungen dieser Datenschutzerkl\u00e4rung<\/strong><\/p>\n<p>Wir behalten uns vor, diese Datenschutzerkl\u00e4rung gelegentlich anzupassen, damit sie den aktuellen rechtlichen Anforderungen entspricht oder \u00c4nderungen unserer Leistungen ber\u00fccksichtigt.<\/p>\n<p>&nbsp;<\/p>\n<div align=\"center\">\n<hr align=\"center\" size=\"2\" width=\"100%\" \/>\n<\/div>\n<p><strong>Stand:<\/strong>\u00a0Juli 2025[\/vc_column_text][\/vc_column][\/vc_row]<\/p>\n<\/div>","protected":false},"excerpt":{"rendered":"<p>[vc_row][vc_column][vc_column_text css=&#8220;&#8220;] Impressum &nbsp; Urheberrecht: \u00a9\u00a02025\u00a0Myanmar Stiftung. Alle Rechte vorbehalten. Texte, Bilder, Grafiken und Inhalte dieser Website unterliegen dem Schutz des Urheberrechts und anderer Schutzgesetze. Eine Verwendung, Vervielf\u00e4ltigung oder Verbreitung ist \u2013 auch auszugsweise \u2013 nur mit ausdr\u00fccklicher schriftlicher Genehmigung der Myanmar Stiftung zul\u00e4ssig. &nbsp; &nbsp; Haftungsausschluss: Trotz sorgf\u00e4ltiger Pr\u00fcfung \u00fcbernehmen wir keine Haftung f\u00fcr&hellip;<\/p>\n","protected":false},"author":1,"featured_media":0,"parent":0,"menu_order":0,"comment_status":"closed","ping_status":"closed","template":"","meta":{"_acf_changed":false,"footnotes":""},"class_list":["post-4695","page","type-page","status-publish","hentry"],"acf":[],"yoast_head":"<!-- This site is optimized with the Yoast SEO plugin v27.0 - https:\/\/yoast.com\/product\/yoast-seo-wordpress\/ -->\n<title>Impressum - Myanmar-Stiftung<\/title>\n<meta name=\"robots\" content=\"noindex, nofollow\" \/>\n<meta property=\"og:locale\" content=\"de_DE\" \/>\n<meta property=\"og:type\" content=\"article\" \/>\n<meta property=\"og:title\" content=\"Impressum - Myanmar-Stiftung\" \/>\n<meta property=\"og:description\" content=\"[vc_row][vc_column][vc_column_text css=&#8220;&#8220;] Impressum &nbsp; Urheberrecht: \u00a9\u00a02025\u00a0Myanmar Stiftung. Alle Rechte vorbehalten. Texte, Bilder, Grafiken und Inhalte dieser Website unterliegen dem Schutz des Urheberrechts und anderer Schutzgesetze. Eine Verwendung, Vervielf\u00e4ltigung oder Verbreitung ist \u2013 auch auszugsweise \u2013 nur mit ausdr\u00fccklicher schriftlicher Genehmigung der Myanmar Stiftung zul\u00e4ssig. &nbsp; &nbsp; Haftungsausschluss: Trotz sorgf\u00e4ltiger Pr\u00fcfung \u00fcbernehmen wir keine Haftung f\u00fcr&hellip;\" \/>\n<meta property=\"og:url\" content=\"https:\/\/www.myanmar-stiftung.de\/index.php\/impressum\/\" \/>\n<meta property=\"og:site_name\" content=\"Myanmar-Stiftung\" \/>\n<meta property=\"article:modified_time\" content=\"2025-07-16T15:27:46+00:00\" \/>\n<meta name=\"twitter:card\" content=\"summary_large_image\" \/>\n<meta name=\"twitter:label1\" content=\"Gesch\u00e4tzte Lesezeit\" \/>\n\t<meta name=\"twitter:data1\" content=\"3\u00a0Minuten\" \/>\n<script type=\"application\/ld+json\" class=\"yoast-schema-graph\">{\"@context\":\"https:\/\/schema.org\",\"@graph\":[{\"@type\":\"WebPage\",\"@id\":\"https:\/\/www.myanmar-stiftung.de\/index.php\/impressum\/\",\"url\":\"https:\/\/www.myanmar-stiftung.de\/index.php\/impressum\/\",\"name\":\"Impressum - Myanmar-Stiftung\",\"isPartOf\":{\"@id\":\"https:\/\/www.myanmar-stiftung.de\/#website\"},\"datePublished\":\"2017-10-26T16:57:49+00:00\",\"dateModified\":\"2025-07-16T15:27:46+00:00\",\"breadcrumb\":{\"@id\":\"https:\/\/www.myanmar-stiftung.de\/index.php\/impressum\/#breadcrumb\"},\"inLanguage\":\"de\",\"potentialAction\":[{\"@type\":\"ReadAction\",\"target\":[\"https:\/\/www.myanmar-stiftung.de\/index.php\/impressum\/\"]}]},{\"@type\":\"BreadcrumbList\",\"@id\":\"https:\/\/www.myanmar-stiftung.de\/index.php\/impressum\/#breadcrumb\",\"itemListElement\":[{\"@type\":\"ListItem\",\"position\":1,\"name\":\"Startseite\",\"item\":\"https:\/\/www.myanmar-stiftung.de\/\"},{\"@type\":\"ListItem\",\"position\":2,\"name\":\"Impressum\"}]},{\"@type\":\"WebSite\",\"@id\":\"https:\/\/www.myanmar-stiftung.de\/#website\",\"url\":\"https:\/\/www.myanmar-stiftung.de\/\",\"name\":\"Myanmar-Stiftung\",\"description\":\"Hilfe f\u00fcr Kinder in Myanmar\",\"potentialAction\":[{\"@type\":\"SearchAction\",\"target\":{\"@type\":\"EntryPoint\",\"urlTemplate\":\"https:\/\/www.myanmar-stiftung.de\/?s={search_term_string}\"},\"query-input\":{\"@type\":\"PropertyValueSpecification\",\"valueRequired\":true,\"valueName\":\"search_term_string\"}}],\"inLanguage\":\"de\"}]}<\/script>\n<!-- \/ Yoast SEO plugin. -->","yoast_head_json":{"title":"Impressum - Myanmar-Stiftung","robots":{"index":"noindex","follow":"nofollow"},"og_locale":"de_DE","og_type":"article","og_title":"Impressum - Myanmar-Stiftung","og_description":"[vc_row][vc_column][vc_column_text css=&#8220;&#8220;] Impressum &nbsp; Urheberrecht: \u00a9\u00a02025\u00a0Myanmar Stiftung. Alle Rechte vorbehalten. Texte, Bilder, Grafiken und Inhalte dieser Website unterliegen dem Schutz des Urheberrechts und anderer Schutzgesetze. Eine Verwendung, Vervielf\u00e4ltigung oder Verbreitung ist \u2013 auch auszugsweise \u2013 nur mit ausdr\u00fccklicher schriftlicher Genehmigung der Myanmar Stiftung zul\u00e4ssig. &nbsp; &nbsp; Haftungsausschluss: Trotz sorgf\u00e4ltiger Pr\u00fcfung \u00fcbernehmen wir keine Haftung f\u00fcr&hellip;","og_url":"https:\/\/www.myanmar-stiftung.de\/index.php\/impressum\/","og_site_name":"Myanmar-Stiftung","article_modified_time":"2025-07-16T15:27:46+00:00","twitter_card":"summary_large_image","twitter_misc":{"Gesch\u00e4tzte Lesezeit":"3\u00a0Minuten"},"schema":{"@context":"https:\/\/schema.org","@graph":[{"@type":"WebPage","@id":"https:\/\/www.myanmar-stiftung.de\/index.php\/impressum\/","url":"https:\/\/www.myanmar-stiftung.de\/index.php\/impressum\/","name":"Impressum - Myanmar-Stiftung","isPartOf":{"@id":"https:\/\/www.myanmar-stiftung.de\/#website"},"datePublished":"2017-10-26T16:57:49+00:00","dateModified":"2025-07-16T15:27:46+00:00","breadcrumb":{"@id":"https:\/\/www.myanmar-stiftung.de\/index.php\/impressum\/#breadcrumb"},"inLanguage":"de","potentialAction":[{"@type":"ReadAction","target":["https:\/\/www.myanmar-stiftung.de\/index.php\/impressum\/"]}]},{"@type":"BreadcrumbList","@id":"https:\/\/www.myanmar-stiftung.de\/index.php\/impressum\/#breadcrumb","itemListElement":[{"@type":"ListItem","position":1,"name":"Startseite","item":"https:\/\/www.myanmar-stiftung.de\/"},{"@type":"ListItem","position":2,"name":"Impressum"}]},{"@type":"WebSite","@id":"https:\/\/www.myanmar-stiftung.de\/#website","url":"https:\/\/www.myanmar-stiftung.de\/","name":"Myanmar-Stiftung","description":"Hilfe f\u00fcr Kinder in Myanmar","potentialAction":[{"@type":"SearchAction","target":{"@type":"EntryPoint","urlTemplate":"https:\/\/www.myanmar-stiftung.de\/?s={search_term_string}"},"query-input":{"@type":"PropertyValueSpecification","valueRequired":true,"valueName":"search_term_string"}}],"inLanguage":"de"}]}},"_links":{"self":[{"href":"https:\/\/www.myanmar-stiftung.de\/index.php\/wp-json\/wp\/v2\/pages\/4695","targetHints":{"allow":["GET"]}}],"collection":[{"href":"https:\/\/www.myanmar-stiftung.de\/index.php\/wp-json\/wp\/v2\/pages"}],"about":[{"href":"https:\/\/www.myanmar-stiftung.de\/index.php\/wp-json\/wp\/v2\/types\/page"}],"author":[{"embeddable":true,"href":"https:\/\/www.myanmar-stiftung.de\/index.php\/wp-json\/wp\/v2\/users\/1"}],"replies":[{"embeddable":true,"href":"https:\/\/www.myanmar-stiftung.de\/index.php\/wp-json\/wp\/v2\/comments?post=4695"}],"version-history":[{"count":14,"href":"https:\/\/www.myanmar-stiftung.de\/index.php\/wp-json\/wp\/v2\/pages\/4695\/revisions"}],"predecessor-version":[{"id":5120,"href":"https:\/\/www.myanmar-stiftung.de\/index.php\/wp-json\/wp\/v2\/pages\/4695\/revisions\/5120"}],"wp:attachment":[{"href":"https:\/\/www.myanmar-stiftung.de\/index.php\/wp-json\/wp\/v2\/media?parent=4695"}],"curies":[{"name":"wp","href":"https:\/\/api.w.org\/{rel}","templated":true}]}}