{"id":4,"date":"2015-11-23T13:39:00","date_gmt":"2015-11-23T13:39:00","guid":{"rendered":"http:\/\/demo-content.kaliumtheme.com\/education\/?page_id=4"},"modified":"2025-02-16T22:14:21","modified_gmt":"2025-02-16T21:14:21","slug":"kontakt","status":"publish","type":"page","link":"https:\/\/www.myanmar-stiftung.de\/index.php\/kontakt\/","title":{"rendered":"Kontakt"},"content":{"rendered":"<div class=\"wpb-content-wrapper\"><p>[vc_row full_width=&#8220;stretch_row_content_no_spaces&#8220;][vc_column]\n\t\t\t<!-- START Kontakt REVOLUTION SLIDER 6.7.34 --><p class=\"rs-p-wp-fix\"><\/p>\n\t\t\t<rs-module-wrap id=\"rev_slider_3_1_wrapper\" data-source=\"gallery\" style=\"visibility:hidden;background:transparent;padding:0;margin:0px auto;margin-top:0;margin-bottom:0;\">\n\t\t\t\t<rs-module id=\"rev_slider_3_1\" style=\"\" data-version=\"6.7.34\">\n\t\t\t\t\t<rs-slides style=\"overflow: hidden; position: absolute;\">\n\t\t\t\t\t\t<rs-slide style=\"position: absolute;\" data-key=\"rs-3\" data-title=\"Slide\" data-anim=\"adpr:false;\">\n\t\t\t\t\t\t\t<img decoding=\"async\" src=\"\/\/www.myanmar-stiftung.de\/wp-content\/plugins\/revslider\/sr6\/assets\/assets\/dummy.png\" alt=\"\" title=\"Kontakt\" class=\"rev-slidebg tp-rs-img rs-lazyload\" data-lazyload=\"\/\/www.myanmar-stiftung.de\/wp-content\/uploads\/2017\/10\/Kontakt-2.jpg\" data-no-retina>\n<!--\n\t\t\t\t\t\t\t--><rs-layer\n\t\t\t\t\t\t\t\tid=\"slider-3-slide-3-layer-1\" \n\t\t\t\t\t\t\t\tdata-type=\"text\"\n\t\t\t\t\t\t\t\tdata-color=\"rgba(255, 255, 255, 1)\"\n\t\t\t\t\t\t\t\tdata-rsp_ch=\"on\"\n\t\t\t\t\t\t\t\tdata-xy=\"x:l,l,c,c;yo:206px;\"\n\t\t\t\t\t\t\t\tdata-text=\"w:normal;s:40;l:50;\"\n\t\t\t\t\t\t\t\tdata-dim=\"w:821px,821px,740px,440px;h:auto,auto,auto,107px;\"\n\t\t\t\t\t\t\t\tdata-frame_0=\"tp:600;\"\n\t\t\t\t\t\t\t\tdata-frame_1=\"tp:600;e:power2.inOut;st:500;sR:500;\"\n\t\t\t\t\t\t\t\tdata-frame_999=\"o:0;tp:600;e:nothing;st:w;sR:8200;\"\n\t\t\t\t\t\t\t\tstyle=\"z-index:5;font-family:'Playfair Display';\"\n\t\t\t\t\t\t\t>Haben Sie Fragen zur Stiftung, <br>\nProjekten oder Patenschaften. \n\t\t\t\t\t\t\t<\/rs-layer><!--\n-->\t\t\t\t\t<\/rs-slide>\n\t\t\t\t\t<\/rs-slides>\n\t\t\t\t<\/rs-module>\n\t\t\t\t<script>\n\t\t\t\t\tsetREVStartSize({c: 'rev_slider_3_1',rl:[1240,1024,778,480],el:[],gw:[1140,1024,778,480],gh:[450,400,450,500],type:'standard',justify:'',layout:'fullwidth',mh:\"0\"});if (window.RS_MODULES!==undefined && window.RS_MODULES.modules!==undefined && window.RS_MODULES.modules[\"revslider31\"]!==undefined) {window.RS_MODULES.modules[\"revslider31\"].once = false;window.revapi3 = undefined;if (window.RS_MODULES.checkMinimal!==undefined) window.RS_MODULES.checkMinimal()}\n\t\t\t\t<\/script>\n\t\t\t<\/rs-module-wrap>\n\t\t\t<!-- END REVOLUTION SLIDER -->\n[\/vc_column][\/vc_row][vc_row][vc_column width=&#8220;7\/12&#8243; reveal_effect=&#8220;fadeIn&#8220;][lab_heading title=&#8220;Sende uns eine Nachricht&#8220;]Kontaktiere uns um zu helfen![\/lab_heading][lab_contact_form email_title=&#8220;E-mail:&#8220; message_title=&#8220;Nachricht:&#8220; show_subject_field=&#8220;&#8220; submit_title=&#8220;Senden&#8220; submit_success=&#8220;Danke #, Nachricht gesendet!&#8220; alert_errors=&#8220;&#8220; el_class=&#8220;contact-form&#8220; email_receiver=&#8220;info@myanmar-stiftung.de&#8220; privacy_policy_text=&#8220;#E-8_SWNoJTIwaGFiZSUyMGRpZSUyMCUzQ2ElMjBocmVmJTNEJTIyaHR0cCUzQSUyRiUyRm15YW5tYXItc3RpZnR1bmcuZGUlMkZpbXByZXNzdW0lMjIlMjB0YXJnZXIlM0QlMjJibGFuayUyMiUzRURhdGVuc2NodXR6ZXJrbCVDMyVBNHJ1bmclM0MlMkZhJTNFJTIwenVyJTIwS2VubnRuaXMlMjBnZW5vbW1lbi4lMjBJY2glMjBzdGltbWUlMjB6dSUyQyUyMGRhc3MlMjBtZWluZSUyMEFuZ2FiZW4lMjB6dXIlMjBLb250YWt0YXVmbmFobWUlMjB1bmQlMjBmJUMzJUJDciUyMFIlQzMlQkNja2ZyYWdlbiUyMGRhdWVyaGFmdCUyMGdlc3BlaWNoZXJ0JTIwd2VyZGVuLiUyMA==&#8220;][\/vc_column][vc_column width=&#8220;1\/3&#8243; reveal_effect=&#8220;fadeIn&#8220; offset=&#8220;vc_col-lg-offset-1&#8243; reveal_delay=&#8220;0.1&#8243;][lab_heading title=&#8220;Information&#8220;]Martin Buchinger<br \/>\nDSZ-Deutsches Stiftungszentrum GmbH<br \/>\nRegionalb\u00fcro M\u00fcnchen<br \/>\nZweigstra\u00dfe 10<br \/>\n80336 M\u00fcnchen<br \/>\n+49 89 33 02 91 6 &#8211; 17<br \/>\nEmail: info@myanmar-stiftung.de [\/lab_heading][vc_single_image image=&#8220;87&#8243; img_size=&#8220;full&#8220; alignment=&#8220;center&#8220;][vc_column_text]HypoVereinsbank AG, M\u00fcnchen<\/p>\n<p>IBAN: DE 5870 0202 7000 9019 8718<\/p>\n<p>BIC: HYVEDEMMXXX<\/p>\n<p>Gl\u00e4ubiger-Identifikationsnummer: DE42ZZZ00000803343[\/vc_column_text][\/vc_column][\/vc_row]<\/p>\n<\/div>","protected":false},"excerpt":{"rendered":"<p>[vc_row full_width=&#8220;stretch_row_content_no_spaces&#8220;][vc_column][\/vc_column][\/vc_row][vc_row][vc_column width=&#8220;7\/12&#8243; reveal_effect=&#8220;fadeIn&#8220;][lab_heading title=&#8220;Sende uns eine Nachricht&#8220;]Kontaktiere uns um zu helfen![\/lab_heading][lab_contact_form email_title=&#8220;E-mail:&#8220; message_title=&#8220;Nachricht:&#8220; show_subject_field=&#8220;&#8220; submit_title=&#8220;Senden&#8220; submit_success=&#8220;Danke #, Nachricht gesendet!&#8220; alert_errors=&#8220;&#8220; el_class=&#8220;contact-form&#8220; email_receiver=&#8220;info@myanmar-stiftung.de&#8220; privacy_policy_text=&#8220;#E-8_SWNoJTIwaGFiZSUyMGRpZSUyMCUzQ2ElMjBocmVmJTNEJTIyaHR0cCUzQSUyRiUyRm15YW5tYXItc3RpZnR1bmcuZGUlMkZpbXByZXNzdW0lMjIlMjB0YXJnZXIlM0QlMjJibGFuayUyMiUzRURhdGVuc2NodXR6ZXJrbCVDMyVBNHJ1bmclM0MlMkZhJTNFJTIwenVyJTIwS2VubnRuaXMlMjBnZW5vbW1lbi4lMjBJY2glMjBzdGltbWUlMjB6dSUyQyUyMGRhc3MlMjBtZWluZSUyMEFuZ2FiZW4lMjB6dXIlMjBLb250YWt0YXVmbmFobWUlMjB1bmQlMjBmJUMzJUJDciUyMFIlQzMlQkNja2ZyYWdlbiUyMGRhdWVyaGFmdCUyMGdlc3BlaWNoZXJ0JTIwd2VyZGVuLiUyMA==&#8220;][\/vc_column][vc_column width=&#8220;1\/3&#8243; reveal_effect=&#8220;fadeIn&#8220; offset=&#8220;vc_col-lg-offset-1&#8243; reveal_delay=&#8220;0.1&#8243;][lab_heading title=&#8220;Information&#8220;]Martin Buchinger DSZ-Deutsches Stiftungszentrum GmbH Regionalb\u00fcro M\u00fcnchen Zweigstra\u00dfe 10 80336 M\u00fcnchen +49 89 33 02 91 6 &#8211; 17 Email: info@myanmar-stiftung.de [\/lab_heading][vc_single_image image=&#8220;87&#8243; img_size=&#8220;full&#8220; alignment=&#8220;center&#8220;][vc_column_text]HypoVereinsbank AG, M\u00fcnchen&hellip;<\/p>\n","protected":false},"author":1,"featured_media":0,"parent":0,"menu_order":0,"comment_status":"closed","ping_status":"closed","template":"","meta":{"_acf_changed":false,"footnotes":""},"class_list":["post-4","page","type-page","status-publish","hentry"],"acf":[],"yoast_head":"<!-- This site is optimized with the Yoast SEO plugin v27.4 - https:\/\/yoast.com\/product\/yoast-seo-wordpress\/ -->\n<title>Kontakt - Myanmar-Stiftung<\/title>\n<meta name=\"robots\" content=\"index, follow, max-snippet:-1, max-image-preview:large, max-video-preview:-1\" \/>\n<link rel=\"canonical\" href=\"https:\/\/www.myanmar-stiftung.de\/index.php\/kontakt\/\" \/>\n<meta property=\"og:locale\" content=\"de_DE\" \/>\n<meta property=\"og:type\" content=\"article\" \/>\n<meta property=\"og:title\" content=\"Kontakt - Myanmar-Stiftung\" \/>\n<meta property=\"og:description\" content=\"[vc_row full_width=&#8220;stretch_row_content_no_spaces&#8220;][vc_column][\/vc_column][\/vc_row][vc_row][vc_column width=&#8220;7\/12&#8243; reveal_effect=&#8220;fadeIn&#8220;][lab_heading title=&#8220;Sende uns eine Nachricht&#8220;]Kontaktiere uns um zu helfen![\/lab_heading][lab_contact_form email_title=&#8220;E-mail:&#8220; message_title=&#8220;Nachricht:&#8220; show_subject_field=&#8220;&#8220; submit_title=&#8220;Senden&#8220; submit_success=&#8220;Danke #, Nachricht gesendet!&#8220; alert_errors=&#8220;&#8220; el_class=&#8220;contact-form&#8220; email_receiver=&#8220;info@myanmar-stiftung.de&#8220; privacy_policy_text=&#8220;#E-8_SWNoJTIwaGFiZSUyMGRpZSUyMCUzQ2ElMjBocmVmJTNEJTIyaHR0cCUzQSUyRiUyRm15YW5tYXItc3RpZnR1bmcuZGUlMkZpbXByZXNzdW0lMjIlMjB0YXJnZXIlM0QlMjJibGFuayUyMiUzRURhdGVuc2NodXR6ZXJrbCVDMyVBNHJ1bmclM0MlMkZhJTNFJTIwenVyJTIwS2VubnRuaXMlMjBnZW5vbW1lbi4lMjBJY2glMjBzdGltbWUlMjB6dSUyQyUyMGRhc3MlMjBtZWluZSUyMEFuZ2FiZW4lMjB6dXIlMjBLb250YWt0YXVmbmFobWUlMjB1bmQlMjBmJUMzJUJDciUyMFIlQzMlQkNja2ZyYWdlbiUyMGRhdWVyaGFmdCUyMGdlc3BlaWNoZXJ0JTIwd2VyZGVuLiUyMA==&#8220;][\/vc_column][vc_column width=&#8220;1\/3&#8243; reveal_effect=&#8220;fadeIn&#8220; offset=&#8220;vc_col-lg-offset-1&#8243; reveal_delay=&#8220;0.1&#8243;][lab_heading title=&#8220;Information&#8220;]Martin Buchinger DSZ-Deutsches Stiftungszentrum GmbH Regionalb\u00fcro M\u00fcnchen Zweigstra\u00dfe 10 80336 M\u00fcnchen +49 89 33 02 91 6 &#8211; 17 Email: info@myanmar-stiftung.de [\/lab_heading][vc_single_image image=&#8220;87&#8243; img_size=&#8220;full&#8220; alignment=&#8220;center&#8220;][vc_column_text]HypoVereinsbank AG, M\u00fcnchen&hellip;\" \/>\n<meta property=\"og:url\" content=\"https:\/\/www.myanmar-stiftung.de\/index.php\/kontakt\/\" \/>\n<meta property=\"og:site_name\" content=\"Myanmar-Stiftung\" \/>\n<meta property=\"article:modified_time\" content=\"2025-02-16T21:14:21+00:00\" \/>\n<meta name=\"twitter:card\" content=\"summary_large_image\" \/>\n<meta name=\"twitter:label1\" content=\"Gesch\u00e4tzte Lesezeit\" \/>\n\t<meta name=\"twitter:data1\" content=\"1\u00a0Minute\" \/>\n<script type=\"application\/ld+json\" class=\"yoast-schema-graph\">{\"@context\":\"https:\\\/\\\/schema.org\",\"@graph\":[{\"@type\":\"WebPage\",\"@id\":\"https:\\\/\\\/www.myanmar-stiftung.de\\\/index.php\\\/kontakt\\\/\",\"url\":\"https:\\\/\\\/www.myanmar-stiftung.de\\\/index.php\\\/kontakt\\\/\",\"name\":\"Kontakt - Myanmar-Stiftung\",\"isPartOf\":{\"@id\":\"https:\\\/\\\/www.myanmar-stiftung.de\\\/#website\"},\"datePublished\":\"2015-11-23T13:39:00+00:00\",\"dateModified\":\"2025-02-16T21:14:21+00:00\",\"breadcrumb\":{\"@id\":\"https:\\\/\\\/www.myanmar-stiftung.de\\\/index.php\\\/kontakt\\\/#breadcrumb\"},\"inLanguage\":\"de\",\"potentialAction\":[{\"@type\":\"ReadAction\",\"target\":[\"https:\\\/\\\/www.myanmar-stiftung.de\\\/index.php\\\/kontakt\\\/\"]}]},{\"@type\":\"BreadcrumbList\",\"@id\":\"https:\\\/\\\/www.myanmar-stiftung.de\\\/index.php\\\/kontakt\\\/#breadcrumb\",\"itemListElement\":[{\"@type\":\"ListItem\",\"position\":1,\"name\":\"Startseite\",\"item\":\"https:\\\/\\\/www.myanmar-stiftung.de\\\/\"},{\"@type\":\"ListItem\",\"position\":2,\"name\":\"Kontakt\"}]},{\"@type\":\"WebSite\",\"@id\":\"https:\\\/\\\/www.myanmar-stiftung.de\\\/#website\",\"url\":\"https:\\\/\\\/www.myanmar-stiftung.de\\\/\",\"name\":\"Myanmar-Stiftung\",\"description\":\"Hilfe f\u00fcr Kinder in Myanmar\",\"potentialAction\":[{\"@type\":\"SearchAction\",\"target\":{\"@type\":\"EntryPoint\",\"urlTemplate\":\"https:\\\/\\\/www.myanmar-stiftung.de\\\/?s={search_term_string}\"},\"query-input\":{\"@type\":\"PropertyValueSpecification\",\"valueRequired\":true,\"valueName\":\"search_term_string\"}}],\"inLanguage\":\"de\"}]}<\/script>\n<!-- \/ Yoast SEO plugin. -->","yoast_head_json":{"title":"Kontakt - Myanmar-Stiftung","robots":{"index":"index","follow":"follow","max-snippet":"max-snippet:-1","max-image-preview":"max-image-preview:large","max-video-preview":"max-video-preview:-1"},"canonical":"https:\/\/www.myanmar-stiftung.de\/index.php\/kontakt\/","og_locale":"de_DE","og_type":"article","og_title":"Kontakt - Myanmar-Stiftung","og_description":"[vc_row full_width=&#8220;stretch_row_content_no_spaces&#8220;][vc_column][\/vc_column][\/vc_row][vc_row][vc_column width=&#8220;7\/12&#8243; reveal_effect=&#8220;fadeIn&#8220;][lab_heading title=&#8220;Sende uns eine Nachricht&#8220;]Kontaktiere uns um zu helfen![\/lab_heading][lab_contact_form email_title=&#8220;E-mail:&#8220; message_title=&#8220;Nachricht:&#8220; show_subject_field=&#8220;&#8220; submit_title=&#8220;Senden&#8220; submit_success=&#8220;Danke #, Nachricht gesendet!&#8220; alert_errors=&#8220;&#8220; el_class=&#8220;contact-form&#8220; email_receiver=&#8220;info@myanmar-stiftung.de&#8220; privacy_policy_text=&#8220;#E-8_SWNoJTIwaGFiZSUyMGRpZSUyMCUzQ2ElMjBocmVmJTNEJTIyaHR0cCUzQSUyRiUyRm15YW5tYXItc3RpZnR1bmcuZGUlMkZpbXByZXNzdW0lMjIlMjB0YXJnZXIlM0QlMjJibGFuayUyMiUzRURhdGVuc2NodXR6ZXJrbCVDMyVBNHJ1bmclM0MlMkZhJTNFJTIwenVyJTIwS2VubnRuaXMlMjBnZW5vbW1lbi4lMjBJY2glMjBzdGltbWUlMjB6dSUyQyUyMGRhc3MlMjBtZWluZSUyMEFuZ2FiZW4lMjB6dXIlMjBLb250YWt0YXVmbmFobWUlMjB1bmQlMjBmJUMzJUJDciUyMFIlQzMlQkNja2ZyYWdlbiUyMGRhdWVyaGFmdCUyMGdlc3BlaWNoZXJ0JTIwd2VyZGVuLiUyMA==&#8220;][\/vc_column][vc_column width=&#8220;1\/3&#8243; reveal_effect=&#8220;fadeIn&#8220; offset=&#8220;vc_col-lg-offset-1&#8243; reveal_delay=&#8220;0.1&#8243;][lab_heading title=&#8220;Information&#8220;]Martin Buchinger DSZ-Deutsches Stiftungszentrum GmbH Regionalb\u00fcro M\u00fcnchen Zweigstra\u00dfe 10 80336 M\u00fcnchen +49 89 33 02 91 6 &#8211; 17 Email: info@myanmar-stiftung.de [\/lab_heading][vc_single_image image=&#8220;87&#8243; img_size=&#8220;full&#8220; alignment=&#8220;center&#8220;][vc_column_text]HypoVereinsbank AG, M\u00fcnchen&hellip;","og_url":"https:\/\/www.myanmar-stiftung.de\/index.php\/kontakt\/","og_site_name":"Myanmar-Stiftung","article_modified_time":"2025-02-16T21:14:21+00:00","twitter_card":"summary_large_image","twitter_misc":{"Gesch\u00e4tzte Lesezeit":"1\u00a0Minute"},"schema":{"@context":"https:\/\/schema.org","@graph":[{"@type":"WebPage","@id":"https:\/\/www.myanmar-stiftung.de\/index.php\/kontakt\/","url":"https:\/\/www.myanmar-stiftung.de\/index.php\/kontakt\/","name":"Kontakt - Myanmar-Stiftung","isPartOf":{"@id":"https:\/\/www.myanmar-stiftung.de\/#website"},"datePublished":"2015-11-23T13:39:00+00:00","dateModified":"2025-02-16T21:14:21+00:00","breadcrumb":{"@id":"https:\/\/www.myanmar-stiftung.de\/index.php\/kontakt\/#breadcrumb"},"inLanguage":"de","potentialAction":[{"@type":"ReadAction","target":["https:\/\/www.myanmar-stiftung.de\/index.php\/kontakt\/"]}]},{"@type":"BreadcrumbList","@id":"https:\/\/www.myanmar-stiftung.de\/index.php\/kontakt\/#breadcrumb","itemListElement":[{"@type":"ListItem","position":1,"name":"Startseite","item":"https:\/\/www.myanmar-stiftung.de\/"},{"@type":"ListItem","position":2,"name":"Kontakt"}]},{"@type":"WebSite","@id":"https:\/\/www.myanmar-stiftung.de\/#website","url":"https:\/\/www.myanmar-stiftung.de\/","name":"Myanmar-Stiftung","description":"Hilfe f\u00fcr Kinder in Myanmar","potentialAction":[{"@type":"SearchAction","target":{"@type":"EntryPoint","urlTemplate":"https:\/\/www.myanmar-stiftung.de\/?s={search_term_string}"},"query-input":{"@type":"PropertyValueSpecification","valueRequired":true,"valueName":"search_term_string"}}],"inLanguage":"de"}]}},"_links":{"self":[{"href":"https:\/\/www.myanmar-stiftung.de\/index.php\/wp-json\/wp\/v2\/pages\/4","targetHints":{"allow":["GET"]}}],"collection":[{"href":"https:\/\/www.myanmar-stiftung.de\/index.php\/wp-json\/wp\/v2\/pages"}],"about":[{"href":"https:\/\/www.myanmar-stiftung.de\/index.php\/wp-json\/wp\/v2\/types\/page"}],"author":[{"embeddable":true,"href":"https:\/\/www.myanmar-stiftung.de\/index.php\/wp-json\/wp\/v2\/users\/1"}],"replies":[{"embeddable":true,"href":"https:\/\/www.myanmar-stiftung.de\/index.php\/wp-json\/wp\/v2\/comments?post=4"}],"version-history":[{"count":15,"href":"https:\/\/www.myanmar-stiftung.de\/index.php\/wp-json\/wp\/v2\/pages\/4\/revisions"}],"predecessor-version":[{"id":5053,"href":"https:\/\/www.myanmar-stiftung.de\/index.php\/wp-json\/wp\/v2\/pages\/4\/revisions\/5053"}],"wp:attachment":[{"href":"https:\/\/www.myanmar-stiftung.de\/index.php\/wp-json\/wp\/v2\/media?parent=4"}],"curies":[{"name":"wp","href":"https:\/\/api.w.org\/{rel}","templated":true}]}}