{"id":20,"date":"2015-11-23T14:26:16","date_gmt":"2015-11-23T13:26:16","guid":{"rendered":"http:\/\/demo-content.kaliumtheme.com\/education\/?page_id=20"},"modified":"2026-03-19T19:42:20","modified_gmt":"2026-03-19T18:42:20","slug":"home","status":"publish","type":"page","link":"https:\/\/www.myanmar-stiftung.de\/","title":{"rendered":"Home"},"content":{"rendered":"<div class=\"wpb-content-wrapper\"><p>[vc_row full_width=&#8220;stretch_row_content_no_spaces&#8220; parallax=&#8220;content-moving-fade&#8220; parallax_image=&#8220;24&#8243; css=&#8220;.vc_custom_1509878518811{background-position: center;background-repeat: no-repeat;background-size:cover;}&#8220;][vc_column css=&#8220;.vc_custom_1498038824552{padding-top: 0px !important;}&#8220;][vc_column_text]\n\t\t\t<!-- START Home REVOLUTION SLIDER 6.7.34 --><p class=\"rs-p-wp-fix\"><\/p>\n\t\t\t<rs-module-wrap id=\"rev_slider_10_1_wrapper\" data-source=\"gallery\" style=\"visibility:hidden;background:transparent;padding:0;margin:0px auto;margin-top:0;margin-bottom:0;\">\n\t\t\t\t<rs-module id=\"rev_slider_10_1\" style=\"\" data-version=\"6.7.34\">\n\t\t\t\t\t<rs-slides style=\"overflow: hidden; position: absolute;\">\n\t\t\t\t\t\t<rs-slide style=\"position: absolute;\" data-key=\"rs-13\" data-title=\"Slide\" data-anim=\"adpr:false;\">\n\t\t\t\t\t\t\t<img decoding=\"async\" src=\"\/\/www.myanmar-stiftung.de\/wp-content\/plugins\/revslider\/sr6\/assets\/assets\/dummy.png\" alt=\"\" title=\"Home\" class=\"rev-slidebg tp-rs-img rs-lazyload\" data-lazyload=\"\/\/www.myanmar-stiftung.de\/wp-content\/uploads\/2017\/10\/Titelseite-4.jpg\" data-bg=\"p:0% 15%;\" data-no-retina>\n<!--\n\t\t\t\t\t\t\t--><rs-layer\n\t\t\t\t\t\t\t\tid=\"slider-10-slide-13-layer-1\" \n\t\t\t\t\t\t\t\tdata-type=\"text\"\n\t\t\t\t\t\t\t\tdata-color=\"rgba(255, 255, 255, 1)\"\n\t\t\t\t\t\t\t\tdata-rsp_ch=\"on\"\n\t\t\t\t\t\t\t\tdata-xy=\"x:l,l,c,c;xo:5px,5px,0,0;yo:344px,344px,206px,206px;\"\n\t\t\t\t\t\t\t\tdata-text=\"w:normal;s:40;l:50;\"\n\t\t\t\t\t\t\t\tdata-dim=\"w:821px,821px,740px,440px;h:auto,auto,auto,107px;\"\n\t\t\t\t\t\t\t\tdata-frame_0=\"tp:600;\"\n\t\t\t\t\t\t\t\tdata-frame_1=\"tp:600;e:power2.inOut;st:1360;sp:2640;sR:1360;\"\n\t\t\t\t\t\t\t\tdata-frame_999=\"o:0;tp:600;e:nothing;st:w;sR:5000;\"\n\t\t\t\t\t\t\t\tstyle=\"z-index:5;font-family:'Playfair Display';\"\n\t\t\t\t\t\t\t>Hilfe f\u00fcr Kinder in Myanmar \n\t\t\t\t\t\t\t<\/rs-layer><!--\n-->\t\t\t\t\t<\/rs-slide>\n\t\t\t\t\t<\/rs-slides>\n\t\t\t\t<\/rs-module>\n\t\t\t\t<script>\n\t\t\t\t\tsetREVStartSize({c: 'rev_slider_10_1',rl:[1240,1024,778,480],el:[],gw:[1140,1024,778,480],gh:[450,400,450,500],type:'standard',justify:'',layout:'fullwidth',mh:\"0\"});if (window.RS_MODULES!==undefined && window.RS_MODULES.modules!==undefined && window.RS_MODULES.modules[\"revslider101\"]!==undefined) {window.RS_MODULES.modules[\"revslider101\"].once = false;window.revapi10 = undefined;if (window.RS_MODULES.checkMinimal!==undefined) window.RS_MODULES.checkMinimal()}\n\t\t\t\t<\/script>\n\t\t\t<\/rs-module-wrap>\n\t\t\t<!-- END REVOLUTION SLIDER -->\n[\/vc_column_text][\/vc_column][\/vc_row][vc_row full_width=&#8220;stretch_row&#8220; css=&#8220;.vc_custom_1509878542550{margin-bottom: 0px !important;background-color: #f6f5f3 !important;}&#8220;][vc_column][vc_separator color=&#8220;custom&#8220; border_width=&#8220;2&#8243; el_width=&#8220;10&#8243; css=&#8220;.vc_custom_1448380307583{margin-top: 20px !important;margin-bottom: 30px !important;}&#8220; accent_color=&#8220;#8a1b1b&#8220; el_class=&#8220;custom-divider&#8220;][vc_column_text css=&#8220;&#8220;]<\/p>\n<h1 style=\"text-align: center;\">News<\/h1>\n<p>[\/vc_column_text][lab_blog_posts columns=&#8220;4&#8243; hover_layer_icon=&#8220;static&#8220; blog_query=&#8220;size:4|order_by:date|post_type:post|ignore_sticky_posts:1&#8243;][\/vc_column][\/vc_row][vc_row full_width=&#8220;stretch_row&#8220; css=&#8220;.vc_custom_1509878542550{margin-bottom: 0px !important;background-color: #f6f5f3 !important;}&#8220;][vc_column][vc_separator color=&#8220;custom&#8220; border_width=&#8220;2&#8243; el_width=&#8220;10&#8243; css=&#8220;.vc_custom_1448380307583{margin-top: 20px !important;margin-bottom: 30px !important;}&#8220; accent_color=&#8220;#8a1b1b&#8220; el_class=&#8220;custom-divider&#8220;][vc_column_text css=&#8220;&#8220;]<\/p>\n<h1 style=\"text-align: center;\">\u00dcber uns<\/h1>\n<p>&nbsp;<\/p>\n<p>[\/vc_column_text][vc_column_text css=&#8220;&#8220;]<\/p>\n<p style=\"font-weight: 400;\">Die Myanmar Stiftung wurde im Jahr 2000 durch J\u00fcrgen von Jordan gegr\u00fcndet, der jahrzehntelang beruflich in Thailand und Myanmar (ehemals Burma) t\u00e4tig war. J\u00fcrgen von Jordan verstarb im Juli 2025. Die Zukunft der Stiftung ist gesichert, der Beirat der Myanmar Stiftung f\u00fchrt die Projekte weiter. Seit ihrer Gr\u00fcndung konnte die Stiftung eine beachtliche Anzahl von Projekten in Myanmar realisieren.<\/p>\n<p style=\"font-weight: 400;\">Das Ziel der Myanmar Stiftung ist es, insbesondere Projekte der Kinder- und Jugendhilfe sowie der Gesundheitspflege durch finanzielle und sachliche Zuwendungen zu f\u00f6rdern.<\/p>\n<p style=\"font-weight: 400;\">Es kommt uns nicht auf die Anzahl von Projekten an. Vielmehr ist uns daran gelegen, Kinder und Jugendliche mit Nachhaltigkeit zu unterst\u00fctzen. Gerade wenn es sich um Waisenh\u00e4user handelt, ist es wichtig, den dort untergebrachten Kindern ein Zuhause, mit einer kindgerechten Betreuung und einer guten Ausbildung zu erm\u00f6glichen. Bei medizinischen Projekten arbeitet die Stiftung eng mit Organisationen zusammen, die ihren Fokus auf solchen Projekten haben (z.B. Interplast Germany e.V., Sektion M\u00fcnchen).<\/p>\n<p style=\"font-weight: 400;\">Die Myanmar Stiftung hat einen privaten, unpolitischen Charakter. Sie ist als gemeinn\u00fctzig anerkannt, Spendenbescheinigungen k\u00f6nnen ausgestellt werden. Bis auf geringe Verwaltungskosten kommen die gespendeten Mittel den Hilfsprojekten voll zugute. Die Gesch\u00e4ftsf\u00fchrung der Stiftung liegt bei dem DSZ-Deutsches Stiftungszentrum GmbH, eine der renommierten Stiftungsverwaltungsgesellschaften in Deutschland.<\/p>\n<p>Ohne die tatkr\u00e4ftige Hilfe der Projektleiter vor Ort k\u00f6nnten wir unsere Arbeit nicht leisten. Besonderer Erw\u00e4hnung bed\u00fcrfen U Min Lwin Oo und Saya Moe.<\/p>\n<p>Die Menschen in Myanmar brauchen mehr denn je unsere Hilfe.[\/vc_column_text][\/vc_column][\/vc_row][vc_row full_width=&#8220;stretch_row&#8220; css=&#8220;.vc_custom_1509201676195{margin-bottom: 0px !important;border-top-width: 6px !important;background-color: #ffffff !important;border-top-color: #10561f !important;border-top-style: solid !important;}&#8220; el_class=&#8220;join-now&#8220;][vc_column css=&#8220;.vc_custom_1498039202526{padding-top: 0px !important;}&#8220;][vc_column_text]<\/p>\n<h1 style=\"text-align: center;\">Der Beirat<\/h1>\n<p>[\/vc_column_text][vc_separator color=&#8220;custom&#8220; border_width=&#8220;2&#8243; el_width=&#8220;10&#8243; css=&#8220;.vc_custom_1448380307583{margin-top: 20px !important;margin-bottom: 30px !important;}&#8220; accent_color=&#8220;#8a1b1b&#8220; el_class=&#8220;custom-divider&#8220;][vc_column_text css=&#8220;&#8220;]<\/p>\n<p style=\"text-align: center;\">Der Beirat der Myanmar Stiftung ist das beschlusskr\u00e4ftige Organ der Stiftung.\u00a0 Die Vorsitzende ist Christina Stercken.<\/p>\n<p style=\"text-align: center;\">Die Mitglieder treffen sich regelm\u00e4\u00dfig, um die aktuellen Themen zu besprechen und anstehende Entscheidungen zu diskutieren. Der Beirat ist in regelm\u00e4\u00dfigen Kontakt mit den Projektleitern vor Ort und sichert auch in diesen schwierigen Zeiten die bestm\u00f6gliche Betreuung der Projekte vor Ort durch unsere langj\u00e4hrigen Projektleiter.<\/p>\n<p>&nbsp;<\/p>\n<p>&nbsp;<\/p>\n<p style=\"text-align: center;\"><strong>Mitglieder des Beirats:<\/strong><\/p>\n<p style=\"text-align: center;\">Christina Stercken (Vorsitzende)<\/p>\n<p style=\"text-align: center;\">Dr. Veronika Hofmann-Valet<\/p>\n<p style=\"text-align: center;\">Irene Kirchner<\/p>\n<p style=\"text-align: center;\">Verena von Mitschke-Collande<\/p>\n<p style=\"text-align: center;\">Jan-Philipp Sendker<\/p>\n<p style=\"text-align: center;\">Ann Yacobi (als Vertreterin des Tr\u00e4gers)<\/p>\n<p>&nbsp;<\/p>\n<p>&nbsp;<\/p>\n<p style=\"text-align: center;\">Wir bedanken uns an dieser Stelle bei allen Spendern f\u00fcr Ihre Unterst\u00fctzung. Ohne Sie w\u00e4re unsere Arbeit in Myanmar nicht m\u00f6glich.<\/p>\n<p>[\/vc_column_text][\/vc_column][\/vc_row][vc_row][vc_column][vc_separator][\/vc_column][\/vc_row]<\/p>\n<\/div>","protected":false},"excerpt":{"rendered":"<p>[vc_row full_width=&#8220;stretch_row_content_no_spaces&#8220; parallax=&#8220;content-moving-fade&#8220; parallax_image=&#8220;24&#8243; css=&#8220;.vc_custom_1509878518811{background-position: center;background-repeat: no-repeat;background-size:cover;}&#8220;][vc_column css=&#8220;.vc_custom_1498038824552{padding-top: 0px !important;}&#8220;][vc_column_text][\/vc_column_text][\/vc_column][\/vc_row][vc_row full_width=&#8220;stretch_row&#8220; css=&#8220;.vc_custom_1509878542550{margin-bottom: 0px !important;background-color: #f6f5f3 !important;}&#8220;][vc_column][vc_separator color=&#8220;custom&#8220; border_width=&#8220;2&#8243; el_width=&#8220;10&#8243; css=&#8220;.vc_custom_1448380307583{margin-top: 20px !important;margin-bottom: 30px !important;}&#8220; accent_color=&#8220;#8a1b1b&#8220; el_class=&#8220;custom-divider&#8220;][vc_column_text css=&#8220;&#8220;] News [\/vc_column_text][lab_blog_posts columns=&#8220;4&#8243; hover_layer_icon=&#8220;static&#8220; blog_query=&#8220;size:4|order_by:date|post_type:post|ignore_sticky_posts:1&#8243;][\/vc_column][\/vc_row][vc_row full_width=&#8220;stretch_row&#8220; css=&#8220;.vc_custom_1509878542550{margin-bottom: 0px !important;background-color: #f6f5f3 !important;}&#8220;][vc_column][vc_separator color=&#8220;custom&#8220; border_width=&#8220;2&#8243; el_width=&#8220;10&#8243; css=&#8220;.vc_custom_1448380307583{margin-top: 20px !important;margin-bottom: 30px !important;}&#8220; accent_color=&#8220;#8a1b1b&#8220; el_class=&#8220;custom-divider&#8220;][vc_column_text css=&#8220;&#8220;] \u00dcber uns &nbsp; [\/vc_column_text][vc_column_text css=&#8220;&#8220;] Die&hellip;<\/p>\n","protected":false},"author":1,"featured_media":0,"parent":0,"menu_order":0,"comment_status":"closed","ping_status":"closed","template":"","meta":{"_acf_changed":false,"footnotes":""},"class_list":["post-20","page","type-page","status-publish","hentry"],"acf":[],"yoast_head":"<!-- This site is optimized with the Yoast SEO plugin v27.4 - https:\/\/yoast.com\/product\/yoast-seo-wordpress\/ -->\n<title>Home - Myanmar-Stiftung<\/title>\n<meta name=\"robots\" content=\"index, follow, max-snippet:-1, max-image-preview:large, max-video-preview:-1\" \/>\n<link rel=\"canonical\" href=\"https:\/\/www.myanmar-stiftung.de\/\" \/>\n<meta property=\"og:locale\" content=\"de_DE\" \/>\n<meta property=\"og:type\" content=\"article\" \/>\n<meta property=\"og:title\" content=\"Home - Myanmar-Stiftung\" \/>\n<meta property=\"og:description\" content=\"[vc_row full_width=&#8220;stretch_row_content_no_spaces&#8220; parallax=&#8220;content-moving-fade&#8220; parallax_image=&#8220;24&#8243; css=&#8220;.vc_custom_1509878518811{background-position: center;background-repeat: no-repeat;background-size:cover;}&#8220;][vc_column css=&#8220;.vc_custom_1498038824552{padding-top: 0px !important;}&#8220;][vc_column_text][\/vc_column_text][\/vc_column][\/vc_row][vc_row full_width=&#8220;stretch_row&#8220; css=&#8220;.vc_custom_1509878542550{margin-bottom: 0px !important;background-color: #f6f5f3 !important;}&#8220;][vc_column][vc_separator color=&#8220;custom&#8220; border_width=&#8220;2&#8243; el_width=&#8220;10&#8243; css=&#8220;.vc_custom_1448380307583{margin-top: 20px !important;margin-bottom: 30px !important;}&#8220; accent_color=&#8220;#8a1b1b&#8220; el_class=&#8220;custom-divider&#8220;][vc_column_text css=&#8220;&#8220;] News [\/vc_column_text][lab_blog_posts columns=&#8220;4&#8243; hover_layer_icon=&#8220;static&#8220; blog_query=&#8220;size:4|order_by:date|post_type:post|ignore_sticky_posts:1&#8243;][\/vc_column][\/vc_row][vc_row full_width=&#8220;stretch_row&#8220; css=&#8220;.vc_custom_1509878542550{margin-bottom: 0px !important;background-color: #f6f5f3 !important;}&#8220;][vc_column][vc_separator color=&#8220;custom&#8220; border_width=&#8220;2&#8243; el_width=&#8220;10&#8243; css=&#8220;.vc_custom_1448380307583{margin-top: 20px !important;margin-bottom: 30px !important;}&#8220; accent_color=&#8220;#8a1b1b&#8220; el_class=&#8220;custom-divider&#8220;][vc_column_text css=&#8220;&#8220;] \u00dcber uns &nbsp; [\/vc_column_text][vc_column_text css=&#8220;&#8220;] Die&hellip;\" \/>\n<meta property=\"og:url\" content=\"https:\/\/www.myanmar-stiftung.de\/\" \/>\n<meta property=\"og:site_name\" content=\"Myanmar-Stiftung\" \/>\n<meta property=\"article:modified_time\" content=\"2026-03-19T18:42:20+00:00\" \/>\n<meta name=\"twitter:card\" content=\"summary_large_image\" \/>\n<meta name=\"twitter:label1\" content=\"Gesch\u00e4tzte Lesezeit\" \/>\n\t<meta name=\"twitter:data1\" content=\"3\u00a0Minuten\" \/>\n<script type=\"application\/ld+json\" class=\"yoast-schema-graph\">{\"@context\":\"https:\\\/\\\/schema.org\",\"@graph\":[{\"@type\":\"WebPage\",\"@id\":\"https:\\\/\\\/www.myanmar-stiftung.de\\\/\",\"url\":\"https:\\\/\\\/www.myanmar-stiftung.de\\\/\",\"name\":\"Home - Myanmar-Stiftung\",\"isPartOf\":{\"@id\":\"https:\\\/\\\/www.myanmar-stiftung.de\\\/#website\"},\"datePublished\":\"2015-11-23T13:26:16+00:00\",\"dateModified\":\"2026-03-19T18:42:20+00:00\",\"breadcrumb\":{\"@id\":\"https:\\\/\\\/www.myanmar-stiftung.de\\\/#breadcrumb\"},\"inLanguage\":\"de\",\"potentialAction\":[{\"@type\":\"ReadAction\",\"target\":[\"https:\\\/\\\/www.myanmar-stiftung.de\\\/\"]}]},{\"@type\":\"BreadcrumbList\",\"@id\":\"https:\\\/\\\/www.myanmar-stiftung.de\\\/#breadcrumb\",\"itemListElement\":[{\"@type\":\"ListItem\",\"position\":1,\"name\":\"Startseite\",\"item\":\"https:\\\/\\\/www.myanmar-stiftung.de\\\/\"},{\"@type\":\"ListItem\",\"position\":2,\"name\":\"Home\"}]},{\"@type\":\"WebSite\",\"@id\":\"https:\\\/\\\/www.myanmar-stiftung.de\\\/#website\",\"url\":\"https:\\\/\\\/www.myanmar-stiftung.de\\\/\",\"name\":\"Myanmar-Stiftung\",\"description\":\"Hilfe f\u00fcr Kinder in Myanmar\",\"potentialAction\":[{\"@type\":\"SearchAction\",\"target\":{\"@type\":\"EntryPoint\",\"urlTemplate\":\"https:\\\/\\\/www.myanmar-stiftung.de\\\/?s={search_term_string}\"},\"query-input\":{\"@type\":\"PropertyValueSpecification\",\"valueRequired\":true,\"valueName\":\"search_term_string\"}}],\"inLanguage\":\"de\"}]}<\/script>\n<!-- \/ Yoast SEO plugin. -->","yoast_head_json":{"title":"Home - Myanmar-Stiftung","robots":{"index":"index","follow":"follow","max-snippet":"max-snippet:-1","max-image-preview":"max-image-preview:large","max-video-preview":"max-video-preview:-1"},"canonical":"https:\/\/www.myanmar-stiftung.de\/","og_locale":"de_DE","og_type":"article","og_title":"Home - Myanmar-Stiftung","og_description":"[vc_row full_width=&#8220;stretch_row_content_no_spaces&#8220; parallax=&#8220;content-moving-fade&#8220; parallax_image=&#8220;24&#8243; css=&#8220;.vc_custom_1509878518811{background-position: center;background-repeat: no-repeat;background-size:cover;}&#8220;][vc_column css=&#8220;.vc_custom_1498038824552{padding-top: 0px !important;}&#8220;][vc_column_text][\/vc_column_text][\/vc_column][\/vc_row][vc_row full_width=&#8220;stretch_row&#8220; css=&#8220;.vc_custom_1509878542550{margin-bottom: 0px !important;background-color: #f6f5f3 !important;}&#8220;][vc_column][vc_separator color=&#8220;custom&#8220; border_width=&#8220;2&#8243; el_width=&#8220;10&#8243; css=&#8220;.vc_custom_1448380307583{margin-top: 20px !important;margin-bottom: 30px !important;}&#8220; accent_color=&#8220;#8a1b1b&#8220; el_class=&#8220;custom-divider&#8220;][vc_column_text css=&#8220;&#8220;] News [\/vc_column_text][lab_blog_posts columns=&#8220;4&#8243; hover_layer_icon=&#8220;static&#8220; blog_query=&#8220;size:4|order_by:date|post_type:post|ignore_sticky_posts:1&#8243;][\/vc_column][\/vc_row][vc_row full_width=&#8220;stretch_row&#8220; css=&#8220;.vc_custom_1509878542550{margin-bottom: 0px !important;background-color: #f6f5f3 !important;}&#8220;][vc_column][vc_separator color=&#8220;custom&#8220; border_width=&#8220;2&#8243; el_width=&#8220;10&#8243; css=&#8220;.vc_custom_1448380307583{margin-top: 20px !important;margin-bottom: 30px !important;}&#8220; accent_color=&#8220;#8a1b1b&#8220; el_class=&#8220;custom-divider&#8220;][vc_column_text css=&#8220;&#8220;] \u00dcber uns &nbsp; [\/vc_column_text][vc_column_text css=&#8220;&#8220;] Die&hellip;","og_url":"https:\/\/www.myanmar-stiftung.de\/","og_site_name":"Myanmar-Stiftung","article_modified_time":"2026-03-19T18:42:20+00:00","twitter_card":"summary_large_image","twitter_misc":{"Gesch\u00e4tzte Lesezeit":"3\u00a0Minuten"},"schema":{"@context":"https:\/\/schema.org","@graph":[{"@type":"WebPage","@id":"https:\/\/www.myanmar-stiftung.de\/","url":"https:\/\/www.myanmar-stiftung.de\/","name":"Home - Myanmar-Stiftung","isPartOf":{"@id":"https:\/\/www.myanmar-stiftung.de\/#website"},"datePublished":"2015-11-23T13:26:16+00:00","dateModified":"2026-03-19T18:42:20+00:00","breadcrumb":{"@id":"https:\/\/www.myanmar-stiftung.de\/#breadcrumb"},"inLanguage":"de","potentialAction":[{"@type":"ReadAction","target":["https:\/\/www.myanmar-stiftung.de\/"]}]},{"@type":"BreadcrumbList","@id":"https:\/\/www.myanmar-stiftung.de\/#breadcrumb","itemListElement":[{"@type":"ListItem","position":1,"name":"Startseite","item":"https:\/\/www.myanmar-stiftung.de\/"},{"@type":"ListItem","position":2,"name":"Home"}]},{"@type":"WebSite","@id":"https:\/\/www.myanmar-stiftung.de\/#website","url":"https:\/\/www.myanmar-stiftung.de\/","name":"Myanmar-Stiftung","description":"Hilfe f\u00fcr Kinder in Myanmar","potentialAction":[{"@type":"SearchAction","target":{"@type":"EntryPoint","urlTemplate":"https:\/\/www.myanmar-stiftung.de\/?s={search_term_string}"},"query-input":{"@type":"PropertyValueSpecification","valueRequired":true,"valueName":"search_term_string"}}],"inLanguage":"de"}]}},"_links":{"self":[{"href":"https:\/\/www.myanmar-stiftung.de\/index.php\/wp-json\/wp\/v2\/pages\/20","targetHints":{"allow":["GET"]}}],"collection":[{"href":"https:\/\/www.myanmar-stiftung.de\/index.php\/wp-json\/wp\/v2\/pages"}],"about":[{"href":"https:\/\/www.myanmar-stiftung.de\/index.php\/wp-json\/wp\/v2\/types\/page"}],"author":[{"embeddable":true,"href":"https:\/\/www.myanmar-stiftung.de\/index.php\/wp-json\/wp\/v2\/users\/1"}],"replies":[{"embeddable":true,"href":"https:\/\/www.myanmar-stiftung.de\/index.php\/wp-json\/wp\/v2\/comments?post=20"}],"version-history":[{"count":76,"href":"https:\/\/www.myanmar-stiftung.de\/index.php\/wp-json\/wp\/v2\/pages\/20\/revisions"}],"predecessor-version":[{"id":5383,"href":"https:\/\/www.myanmar-stiftung.de\/index.php\/wp-json\/wp\/v2\/pages\/20\/revisions\/5383"}],"wp:attachment":[{"href":"https:\/\/www.myanmar-stiftung.de\/index.php\/wp-json\/wp\/v2\/media?parent=20"}],"curies":[{"name":"wp","href":"https:\/\/api.w.org\/{rel}","templated":true}]}}